{"id":2341,"date":"2021-05-16T15:56:48","date_gmt":"2021-05-16T13:56:48","guid":{"rendered":"https:\/\/cardioskills.com\/?page_id=2341"},"modified":"2025-04-28T12:29:26","modified_gmt":"2025-04-28T10:29:26","slug":"qualitaetsmanagement","status":"publish","type":"page","link":"https:\/\/cardioskills.com\/en\/qualitaetsmanagement\/","title":{"rendered":"Qualit\u00e4tsmanagement"},"content":{"rendered":"<div class=\"fusion-fullwidth fullwidth-box fusion-builder-row-1 fusion-flex-container nonhundred-percent-fullwidth non-hundred-percent-height-scrolling\" style=\"--awb-border-radius-top-left:0px;--awb-border-radius-top-right:0px;--awb-border-radius-bottom-right:0px;--awb-border-radius-bottom-left:0px;--awb-flex-wrap:wrap;\" ><div class=\"fusion-builder-row fusion-row fusion-flex-align-items-flex-start fusion-flex-content-wrap\" style=\"max-width:1144px;margin-left: calc(-4% \/ 2 );margin-right: calc(-4% \/ 2 );\"><div class=\"fusion-layout-column fusion_builder_column fusion-builder-column-0 fusion_builder_column_2_3 2_3 fusion-flex-column\" style=\"--awb-bg-size:cover;--awb-width-large:66.666666666667%;--awb-margin-top-large:0px;--awb-spacing-right-large:3.84%;--awb-margin-bottom-large:0px;--awb-spacing-left-large:2.88%;--awb-width-medium:100%;--awb-spacing-right-medium:1.92%;--awb-spacing-left-medium:1.92%;--awb-width-small:100%;--awb-spacing-right-small:1.92%;--awb-spacing-left-small:1.92%;\"><div class=\"fusion-column-wrapper fusion-flex-justify-content-flex-start fusion-content-layout-column\"><div class=\"fusion-text fusion-text-1\"><h1>Gelebte Qualit\u00e4tssicherung<\/h1>\n<p class=\"copy\">Transparency, comparability and quality - these are the advantages that the customer can rightly expect from companies with certified quality management.<\/p>\n<p class=\"copy\">Die Erf\u00fcllung des Anspruchs unserer Kursteilnehmer hat bei Cardioskills\u00ae seit jeher h\u00f6chste Priorit\u00e4t. Die Implementierung eines Qualit\u00e4tsmanagementsystems ist f\u00fcr uns dementsprechend ein konsequenter Schritt auf dem Weg zu h\u00f6chster Kundenzufriedenheit. Es garantiert die regelm\u00e4\u00dfige \u00dcberpr\u00fcfung und Verbesserung qualitativer Standards, das optimale Ineinandergreifen s\u00e4mtlicher Prozesse und das stetige Abgleichen unserer Ergebnisse mit den Erfordernissen medizinischer Fortbildung einerseits und den W\u00fcnschen der Kursteilnehmer andererseits.<\/p>\n<p class=\"copy\">Our focus is on the planning and implementation of the learning service with the aim of evaluating the quality of the various educational offers and verifying our professional competence. For the customer, this means being able to better compare the offers of different educational institutes - even across national borders - and to make a more targeted selection at the end. Cardioskills\u00ae thus once again underlines its industry-wide leadership in terms of quality.<\/p>\n<\/div><\/div><\/div><\/div><\/div>","protected":false},"excerpt":{"rendered":"","protected":false},"author":2,"featured_media":0,"parent":0,"menu_order":0,"comment_status":"closed","ping_status":"closed","template":"","meta":{"footnotes":""},"class_list":["post-2341","page","type-page","status-publish","hentry"],"_links":{"self":[{"href":"https:\/\/cardioskills.com\/en\/wp-json\/wp\/v2\/pages\/2341","targetHints":{"allow":["GET"]}}],"collection":[{"href":"https:\/\/cardioskills.com\/en\/wp-json\/wp\/v2\/pages"}],"about":[{"href":"https:\/\/cardioskills.com\/en\/wp-json\/wp\/v2\/types\/page"}],"author":[{"embeddable":true,"href":"https:\/\/cardioskills.com\/en\/wp-json\/wp\/v2\/users\/2"}],"replies":[{"embeddable":true,"href":"https:\/\/cardioskills.com\/en\/wp-json\/wp\/v2\/comments?post=2341"}],"version-history":[{"count":9,"href":"https:\/\/cardioskills.com\/en\/wp-json\/wp\/v2\/pages\/2341\/revisions"}],"predecessor-version":[{"id":2895,"href":"https:\/\/cardioskills.com\/en\/wp-json\/wp\/v2\/pages\/2341\/revisions\/2895"}],"wp:attachment":[{"href":"https:\/\/cardioskills.com\/en\/wp-json\/wp\/v2\/media?parent=2341"}],"curies":[{"name":"wp","href":"https:\/\/api.w.org\/{rel}","templated":true}]}}