{"id":2388,"date":"2021-05-30T15:51:18","date_gmt":"2021-05-30T13:51:18","guid":{"rendered":"https:\/\/cardioskills.com\/?page_id=2388"},"modified":"2024-06-17T16:34:16","modified_gmt":"2024-06-17T14:34:16","slug":"referenzen","status":"publish","type":"page","link":"https:\/\/cardioskills.com\/en\/referenzen\/","title":{"rendered":"References"},"content":{"rendered":"<div class=\"fusion-fullwidth fullwidth-box fusion-builder-row-1 fusion-flex-container nonhundred-percent-fullwidth non-hundred-percent-height-scrolling\" style=\"--awb-border-radius-top-left:0px;--awb-border-radius-top-right:0px;--awb-border-radius-bottom-right:0px;--awb-border-radius-bottom-left:0px;--awb-flex-wrap:wrap;\" ><div class=\"fusion-builder-row fusion-row fusion-flex-align-items-flex-start fusion-flex-content-wrap\" style=\"max-width:1144px;margin-left: calc(-4% \/ 2 );margin-right: calc(-4% \/ 2 );\"><div class=\"fusion-layout-column fusion_builder_column fusion-builder-column-0 fusion_builder_column_1_1 1_1 fusion-flex-column\" style=\"--awb-bg-size:cover;--awb-width-large:100%;--awb-margin-top-large:0px;--awb-spacing-right-large:1.92%;--awb-margin-bottom-large:0px;--awb-spacing-left-large:1.92%;--awb-width-medium:100%;--awb-spacing-right-medium:1.92%;--awb-spacing-left-medium:1.92%;--awb-width-small:100%;--awb-spacing-right-small:1.92%;--awb-spacing-left-small:1.92%;\"><div class=\"fusion-column-wrapper fusion-flex-justify-content-flex-start fusion-content-layout-column\"><div class=\"fusion-text fusion-text-1\"><p>Seit mehr als 20 Jahren f\u00fchrt CardioSkills interaktive Simulationstrainings in der interventionellen Kardiologie durch und hat sich weit \u00fcber die Grenzen Deutschlands hinaus einen Namen gemacht und Trainings f\u00fcr \u00c4rzte und anderes mediznisches Fachpersonal aus und in mittlerweile mehr als 20 L\u00e4ndern durchgef\u00fchrt.<\/p>\n<p>CardioSkills courses are also highly appreciated in the pharmaceutical and device industry and we are proud to say that we have already been able to realize exciting and top-class training concepts with all major manufacturers. Our industry customers particularly appreciate our course designs, the customized training solutions, our simulator developments and the flexible and highly professional delivery of the courses anywhere in the world.<\/p>\n<p>Excerpt from our corporate client references:<\/p>\n<\/div><\/div><\/div><div class=\"fusion-layout-column fusion_builder_column fusion-builder-column-1 fusion_builder_column_1_2 1_2 fusion-flex-column\" style=\"--awb-bg-size:cover;--awb-width-large:50%;--awb-margin-top-large:0px;--awb-spacing-right-large:3.84%;--awb-margin-bottom-large:0px;--awb-spacing-left-large:3.84%;--awb-width-medium:100%;--awb-spacing-right-medium:1.92%;--awb-spacing-left-medium:1.92%;--awb-width-small:100%;--awb-spacing-right-small:1.92%;--awb-spacing-left-small:1.92%;\"><div class=\"fusion-column-wrapper fusion-flex-justify-content-flex-start fusion-content-layout-column\"><div class=\"fusion-text fusion-text-2\"><p>Abbott Vascular<br \/>\nAstrazeneca<br \/>\nBayer Healthcare<br \/>\nBiotronik<br \/>\nBracco<br \/>\nBristol Myers Squibb<br \/>\nBoehringer Ingelheim<br \/>\nChiesi<br \/>\nCordis<br \/>\nCovidien<br \/>\nDaiichi-Sankyo<br \/>\nEdwards Lifesciences<br \/>\nEssex Pharma<br \/>\nEV3<\/p>\n<\/div><\/div><\/div><div class=\"fusion-layout-column fusion_builder_column fusion-builder-column-2 fusion_builder_column_1_2 1_2 fusion-flex-column\" style=\"--awb-bg-size:cover;--awb-width-large:50%;--awb-margin-top-large:0px;--awb-spacing-right-large:3.84%;--awb-margin-bottom-large:0px;--awb-spacing-left-large:3.84%;--awb-width-medium:100%;--awb-spacing-right-medium:1.92%;--awb-spacing-left-medium:1.92%;--awb-width-small:100%;--awb-spacing-right-small:1.92%;--awb-spacing-left-small:1.92%;\"><div class=\"fusion-column-wrapper fusion-flex-justify-content-flex-start fusion-content-layout-column\"><div class=\"fusion-text fusion-text-3\"><p>GE<br \/>\nGlaxo Smith Kline<br \/>\nGuidant<br \/>\nIroko<br \/>\nEli Lilly<br \/>\nMallinckrodt<br \/>\nMedtronic<br \/>\nMerckle-Recordati<br \/>\nMSD<br \/>\nNovartis<br \/>\nPhilips Healthcare<br \/>\nSanofi Aventis<br \/>\nServier<br \/>\nSt.Jude Medical<\/p>\n<p>Terumo<br \/>\nTransmedic<br \/>\nTyco<br \/>\nand more\u2026<\/p>\n<\/div><\/div><\/div><\/div><\/div>","protected":false},"excerpt":{"rendered":"","protected":false},"author":2,"featured_media":2392,"parent":0,"menu_order":0,"comment_status":"closed","ping_status":"closed","template":"","meta":{"footnotes":""},"class_list":["post-2388","page","type-page","status-publish","has-post-thumbnail","hentry"],"_links":{"self":[{"href":"https:\/\/cardioskills.com\/en\/wp-json\/wp\/v2\/pages\/2388","targetHints":{"allow":["GET"]}}],"collection":[{"href":"https:\/\/cardioskills.com\/en\/wp-json\/wp\/v2\/pages"}],"about":[{"href":"https:\/\/cardioskills.com\/en\/wp-json\/wp\/v2\/types\/page"}],"author":[{"embeddable":true,"href":"https:\/\/cardioskills.com\/en\/wp-json\/wp\/v2\/users\/2"}],"replies":[{"embeddable":true,"href":"https:\/\/cardioskills.com\/en\/wp-json\/wp\/v2\/comments?post=2388"}],"version-history":[{"count":11,"href":"https:\/\/cardioskills.com\/en\/wp-json\/wp\/v2\/pages\/2388\/revisions"}],"predecessor-version":[{"id":2742,"href":"https:\/\/cardioskills.com\/en\/wp-json\/wp\/v2\/pages\/2388\/revisions\/2742"}],"wp:featuredmedia":[{"embeddable":true,"href":"https:\/\/cardioskills.com\/en\/wp-json\/wp\/v2\/media\/2392"}],"wp:attachment":[{"href":"https:\/\/cardioskills.com\/en\/wp-json\/wp\/v2\/media?parent=2388"}],"curies":[{"name":"wp","href":"https:\/\/api.w.org\/{rel}","templated":true}]}}