{"id":443,"date":"2015-09-17T14:17:15","date_gmt":"2015-09-17T12:17:15","guid":{"rendered":"http:\/\/cardioskills.info\/?page_id=443"},"modified":"2020-04-07T19:12:48","modified_gmt":"2020-04-07T17:12:48","slug":"agb","status":"publish","type":"page","link":"https:\/\/cardioskills.com\/en\/agb\/","title":{"rendered":"Allgemeine Gesch\u00e4ftsbedingungen"},"content":{"rendered":"<h1>Allgemeine Gesch\u00e4ftsbedingungen CardioSkills GmbH &amp; Co. KG<\/h1>\n<h3>1 Geltungsbereich<\/h3>\n<p>(1) Die vorliegenden Gesch\u00e4ftsbedingungen enthalten die zwischen Ihnen (&#8222;Kunde&#8220;) und uns, der CardioSkills GmbH &amp; Co. KG, Gro\u00dfe Spillingsgasse 14, 60385 Frankfurt am Main, ausschlie\u00dflich geltenden Bedingungen. Entgegenstehende oder von unseren Gesch\u00e4ftsbedingungen abweichende Bedingungen des Kunden erkennen wir nicht an, es sei denn, wir haben ausdr\u00fccklich ihrer Geltung zugestimmt.<\/p>\n<p>(2) Unser Personal ist nicht berechtigt, m\u00fcndliche Vereinbarungen mit Ihnen als Kunden im Zusammenhang mit einem Vertrag zu treffen, die von dem Buchungsformular oder diesen Gesch\u00e4ftsbedingungen abweichen.<\/p>\n<h3>2\u00a0Vertragsschluss<\/h3>\n<p>(1) Die Pr\u00e4sentation unserer Fortbildungsangebote auf unserer Internetseite www.cardioskills.com, in unseren Katalogen oder sonstigen Werbetr\u00e4gern, auf unseren Pr\u00e4sentationsst\u00e4nden und in unseren Gesch\u00e4ftsr\u00e4umen stellt kein bindendes Angebot unsererseits dar. Auf unserer Internetseite www.cardioskills.com k\u00f6nnen Sie sich durch Anklicken des entsprechenden Links einen von uns angebotenen Kurs ausw\u00e4hlen. Bitte geben sie auf der Folgeseite die dort geforderten Daten ein und best\u00e4tigen Sie die Eingabe durch Anklicken des Buttons \u201eweiter\u201c. Sie erhalten auf der n\u00e4chsten Seite eine \u00dcbersicht des gew\u00fcnschten Kurses und Ihrer Daten. Durch Anklicken des Buttons \u201ekostenpflichtig buchen\u201c geben Sie ein verbindliches Angebot f\u00fcr die Teilnahme an dem von Ihnen ausgew\u00e4hltem Kurs ab. Sie erhalten daraufhin zu Ihrer Information eine Empfangsbest\u00e4tigung per E-Mail, welche Ihre Kursauswahl noch einmal auff\u00fchrt; diese E-Mail stellt noch keine Annahme Ihres Angebotes dar, sondern dient ausschlie\u00dflich Ihrer Information, dass Ihre Anfrage bei uns eingegangen ist.<\/p>\n<p>(2) Wann ein Vertrag zwischen Ihnen und uns zustande kommt, h\u00e4ngt von der von Ihnen ausgew\u00e4hlten Zahlungsmethode ab. Im Falle der Zahlungsmethode \u201eVorab\u00fcberweisung\u201c kommt ein Vertrag zwischen Ihnen und uns erst mit der Abgabe einer ausdr\u00fccklichen Annahmeerkl\u00e4rung durch uns zustande, die innerhalb von f\u00fcnf Werktagen mit einer gesonderten E-Mail oder schriftlich per Post erfolgt. W\u00e4hlen Sie die Zahlungsmethode \u201ePayPal\u201c, kommt ein Vertrag zwischen Ihnen und uns mit der Zahlung durch Sie zustande.<\/p>\n<p>(3) Wir speichern den Vertragstext, Sie k\u00f6nnen diesen auf unserer Internetseite allerdings nicht einsehen.<\/p>\n<h3>3 Preise; Zahlungsbedingungen<\/h3>\n<p>(1) Alle Preise auf unserer Website schlie\u00dfen die gesetzliche Umsatzsteuer ein.<\/p>\n<p>(2) Die Zahlung erfolgt per Vorab\u00fcberweisung oder per PayPal. Wenn Sie die Zahlungsmethode \u201eVorab\u00fcberweisung\u201c w\u00e4hlen, erhalten Sie nach Vertragsschluss eine Rechnung an die angegebene Rechnungsadresse. Das Kursentgelt wird dann mit Erhalt der Rechnung f\u00e4llig. Wenn Sie die Zahlungsmethode \u201ePayPal\u201c w\u00e4hlen, wird das Kursentgelt sofort f\u00e4llig.<\/p>\n<h3>4 Durchf\u00fchrung der Kurse<\/h3>\n<p>(1) Die Kurse finden zu dem in unserem Kursangebot ausgewiesenen Zeiten in unserem Simulationszentrum Frankfurt, Alt Bornheim 48\u201350, 60385 Frankfurt am Main statt, sofern nicht im jeweiligen Kursangebot ausdr\u00fccklich ein anderer Ort genannt ist. Wir sind berechtigt, Zeit und Ort zu \u00e4ndern, wenn dies aus zwingenden organisatorischen Gr\u00fcnden erforderlich ist; in diesem Fall haben Sie das Recht, vom Vertrag kostenfrei zur\u00fcckzutreten.<\/p>\n<p>(2) Es besteht kein Anspruch auf Durchf\u00fchrung eines Kurses durch einen bestimmten Dozenten, wenn dieser nicht ausdr\u00fccklich als Vortragender im Kursangebot zugesichert wurde.<\/p>\n<p>(3) Der Inhalt eines Kurses richtet sich nach der entsprechenden Beschreibung in unserem Kursangebot. Wir sind im Falle mehrerer Termine berechtigt, die Inhalte innerhalb der Termine zu verschieben, sofern dies aus organisatorischen Gr\u00fcnden erforderlich ist und das didaktische Konzept dies zul\u00e4sst. Wir werden dies jedem Teilnehmer rechtzeitig zuvor ank\u00fcndigen.<\/p>\n<p>(4) Die Teilnehmer habe die geltende Hausordnung zu beachten. Im Falle eines wiederholten Versto\u00dfes sind wir berechtigt, einen Teilnehmer vom Kurs auszuschlie\u00dfen.<\/p>\n<h3>5 R\u00fccktritt und K\u00fcndigung<\/h3>\n<p>(1) Ist im Kursangebot eine Mindestteilnehmerzahl vermerkt und wird diese zwei Wochen vor Kursbeginn nicht erreicht, so steht uns ein Sonderk\u00fcndigungsrecht zu. Wenn wir davon Gebrauch machen, werden die Teilnehmer sp\u00e4testens zwei Wochen vor Kursbeginn per E-Mail entsprechend unterrichtet. Bereits entrichtetes Kursentgelt wird Ihnen unverz\u00fcglich erstattet. Gleiches gilt f\u00fcr den Fall, dass wir aufgrund von h\u00f6herer Gewalt einen Kurs nicht durchf\u00fchren k\u00f6nnen. Kann ein Kurs in einem solchen Fall nur teilweise durchgef\u00fchrt werden, erfolgt eine anteilige Erstattung des Kursentgelts.<\/p>\n<p>(2) Wir r\u00e4umen jedem Teilnehmer das Recht ein, den mit uns geschlossenen Vertrag vor Beginn des Kurses nach folgenden Ma\u00dfgaben schriftlich zu k\u00fcndigen. Erfolgt die K\u00fcndigung innerhalb von 14 Tagen vor Beginn des jeweiligen Kurses, sind wir berechtigt, 90% des Kursentgelts (ggf. anteilig) als Stornogeb\u00fchr zu verlangen. Es bleibt Ihnen vorbehalten nachzuweisen, dass die uns entstehenden Kosten geringer sind, als der jeweils vorgenannte Betrag. Ansonsten wird Ihnen das Kursentgelt vollst\u00e4ndig zur\u00fcckerstattet.<\/p>\n<p>(3) Im Falle unverschuldeter Verhinderung (z.B. Krankheit) stellen wir Ihnen gerne einen Alternativtermin f\u00fcr den von Ihnen gebuchten Kurs zur Verf\u00fcgung. In anderen F\u00e4llen besteht kein Anspruch auf Nachholung eines vers\u00e4umten Kurses, auch nicht in Teilen.<\/p>\n<h3>6 Kursunterlagen<\/h3>\n<p>Soweit Sie in einem Kurs Unterlagen erhalten, ist es Ihnen nicht gestattet, diese Unterlagen zu vervielf\u00e4ltigen oder an Dritte weiter zu geben.<\/p>\n<h3>7 Haftung<\/h3>\n<p>(1) Soweit in den nachfolgenden Bestimmungen nicht etwas anderes geregelt ist, haften wir nach den gesetzlichen Vorschriften.<\/p>\n<p>(2) Die Nutzung unserer R\u00e4umlichkeiten und Einrichtungen erfolgt auf Ihre eigene Gefahr. Wir haften Ihnen gegen\u00fcber insbesondere nicht bei Unf\u00e4llen und f\u00fcr Besch\u00e4digungen, Verlust oder Diebstahl, sofern uns nicht Vorsatz oder grobe Fahrl\u00e4ssigkeit zur Last f\u00e4llt.<\/p>\n<p>(3) Anspr\u00fcche des Kunden auf Schadensersatz sind ausgeschlossen. Hiervon ausgenommen sind Schadensersatzanspr\u00fcche des Kunden aus der Verletzung des Lebens, des K\u00f6rpers, der Gesundheit oder aus der Verletzung wesentlicher Vertragspflichten (Kardinalpflichten) sowie die Haftung f\u00fcr sonstige Sch\u00e4den, die auf einer vors\u00e4tzlichen oder grob fahrl\u00e4ssigen Pflichtverletzung des Anbieters, seiner gesetzlichen Vertreter oder Erf\u00fcllungsgehilfen beruhen. Wesentliche Vertragspflichten sind solche, deren Erf\u00fcllung zur Erreichung des Ziels des Vertrags notwendig ist.<\/p>\n<p>(4) Bei der Verletzung wesentlicher Vertragspflichten haftet der Anbieter nur auf den vertragstypischen, vorhersehbaren Schaden, wenn dieser einfach fahrl\u00e4ssig verursacht wurde, es sei denn, es handelt sich um Schadensersatzanspr\u00fcche des Kunden aus einer Verletzung des Lebens, des K\u00f6rpers oder der Gesundheit.<\/p>\n<p>(5) Die Einschr\u00e4nkungen der Abs. 3 und 4 gelten auch zugunsten unserer gesetzlichen Vertreter und Erf\u00fcllungsgehilfen, wenn Anspr\u00fcche direkt gegen diese geltend gemacht werden.<\/p>\n<h3>8 Widerrufsbelehrung f\u00fcr Verbraucher<\/h3>\n<p>Sie sind als Kunde Verbraucher i.S.v. \u00a7 13 B\u00fcrgerliches Gesetzbuch, soweit der Zweck der bei uns gebuchten Fortbildung nicht ihrer gewerblichen oder selbst\u00e4ndigen beruflichen T\u00e4tigkeit zugerechnet werden kann. Sofern Sie Ihren Vertrag mit uns als Verbraucher abgeschlossen haben, steht Ihnen folgendes Widerrufsrecht zu:<\/p>\n<p>&nbsp;<\/p>\n<h2>Widerrufsbelehrung<\/h2>\n<h3>Widerrufsrecht<\/h3>\n<p>Sie k\u00f6nnen Ihre Vertragserkl\u00e4rung innerhalb von 14 Tagen ohne Angabe von Gr\u00fcnden in Textform (z.B. Brief, Fax, E-Mail) widerrufen. Die Frist beginnt nach Erhalt dieser Belehrung in Textform, jedoch nicht vor Vertragsschluss und auch nicht vor Erf\u00fcllung unserer Informationspflichten gem\u00e4\u00df Artikel 246 \u00a7 2 in Verbindung mit \u00a7 1 Absatz 1 und 2 EGBGB sowie unserer Pflichten gem\u00e4\u00df \u00a7 312g Absatz 1 Satz 1 BGB in Verbindung mit Artikel 246 \u00a7 3 EGBGB. Zur Wahrung der Widerrufsfrist gen\u00fcgt die rechtzeitige Absendung des Widerrufs. Der Widerruf ist zu richten an:<\/p>\n<p style=\"padding-left: 40px;\">CardioSkills GmbH &amp; Co. KG, Gro\u00dfe Spillingsgasse 14, 60385 Frankfurt am Main<\/p>\n<h3>Widerrufsfolgen<\/h3>\n<p>Im Falle eines wirksamen Widerrufs sind die beiderseits empfangenen Leistungen zur\u00fcckzugew\u00e4hren und ggf. gezogene Nutzungen (z.B. Zinsen) herauszugeben. K\u00f6nnen Sie uns die empfangene Leistung sowie Nutzungen (z.B. Gebrauchsvorteile) nicht oder teilweise nicht oder nur in verschlechtertem Zustand zur\u00fcckgew\u00e4hren beziehungsweise herausgeben, m\u00fcssen Sie uns insoweit Wertersatz leisten. Dies kann dazu f\u00fchren, dass Sie die vertraglichen Zahlungsverpflichtungen f\u00fcr den Zeitraum bis zum Widerruf gleichwohl erf\u00fcllen m\u00fcssen. Verpflichtungen zur Erstattung von Zahlungen m\u00fcssen innerhalb von 30 Tagen erf\u00fcllt werden. Die Frist beginnt f\u00fcr Sie mit der Absendung Ihrer Widerrufserkl\u00e4rung, f\u00fcr uns mit deren Empfang.<\/p>\n<h3>Besondere Hinweise<\/h3>\n<p>Ihr Widerrufsrecht erlischt vorzeitig, wenn der Vertrag von beiden Seiten auf Ihren ausdr\u00fccklichen Wunsch vollst\u00e4ndig erf\u00fcllt ist, bevor Sie Ihr Widerrufsrecht ausge\u00fcbt haben.<\/p>\n<p><strong>Ende der Widerrufsbelehrung<\/strong><\/p>\n<h3>9 Schlussbestimmungen<\/h3>\n<p>(1) Es gilt ausschlie\u00dflich das Recht der Bundesrepublik Deutschland. Unber\u00fchrt bleiben zwingende Bestimmungen des Staates, in dem Sie Ihren gew\u00f6hnlichen Aufenthalt haben.<\/p>\n<p>(2) Sollten einzelne Bestimmungen dieser Allgemeinen Gesch\u00e4ftsbedingungen unwirksam sein oder werden, so wird die Wirksamkeit der \u00fcbrigen Bestimmungen dadurch nicht beeintr\u00e4chtigt.<\/p>","protected":false},"excerpt":{"rendered":"<p>Allgemeine Gesch\u00e4ftsbedingungen CardioSkills GmbH &amp; Co. KG 1 Geltungsbereich (1)  [&#8230;]<\/p>\n","protected":false},"author":1,"featured_media":0,"parent":0,"menu_order":17,"comment_status":"closed","ping_status":"closed","template":"","meta":{"footnotes":""},"class_list":["post-443","page","type-page","status-publish","hentry"],"_links":{"self":[{"href":"https:\/\/cardioskills.com\/en\/wp-json\/wp\/v2\/pages\/443","targetHints":{"allow":["GET"]}}],"collection":[{"href":"https:\/\/cardioskills.com\/en\/wp-json\/wp\/v2\/pages"}],"about":[{"href":"https:\/\/cardioskills.com\/en\/wp-json\/wp\/v2\/types\/page"}],"author":[{"embeddable":true,"href":"https:\/\/cardioskills.com\/en\/wp-json\/wp\/v2\/users\/1"}],"replies":[{"embeddable":true,"href":"https:\/\/cardioskills.com\/en\/wp-json\/wp\/v2\/comments?post=443"}],"version-history":[{"count":8,"href":"https:\/\/cardioskills.com\/en\/wp-json\/wp\/v2\/pages\/443\/revisions"}],"predecessor-version":[{"id":1267,"href":"https:\/\/cardioskills.com\/en\/wp-json\/wp\/v2\/pages\/443\/revisions\/1267"}],"wp:attachment":[{"href":"https:\/\/cardioskills.com\/en\/wp-json\/wp\/v2\/media?parent=443"}],"curies":[{"name":"wp","href":"https:\/\/api.w.org\/{rel}","templated":true}]}}