{"id":862,"date":"2020-03-31T19:06:04","date_gmt":"2020-03-31T17:06:04","guid":{"rendered":"http:\/\/cardioskills.info\/?page_id=862"},"modified":"2026-01-25T15:05:51","modified_gmt":"2026-01-25T14:05:51","slug":"cardioskills-mobile","status":"publish","type":"page","link":"https:\/\/cardioskills.com\/en\/kurse-training\/cardioskills-mobile\/","title":{"rendered":"CardioSkills\u00ae mobile"},"content":{"rendered":"<p><div class=\"fusion-fullwidth fullwidth-box fusion-builder-row-1 fusion-flex-container nonhundred-percent-fullwidth non-hundred-percent-height-scrolling\" style=\"--awb-border-radius-top-left:0px;--awb-border-radius-top-right:0px;--awb-border-radius-bottom-right:0px;--awb-border-radius-bottom-left:0px;--awb-padding-top:0px;--awb-padding-bottom:0px;--awb-margin-top:0px;--awb-margin-bottom:0px;--awb-flex-wrap:wrap;\" ><div class=\"fusion-builder-row fusion-row fusion-flex-align-items-flex-start fusion-flex-content-wrap\" style=\"max-width:1144px;margin-left: calc(-4% \/ 2 );margin-right: calc(-4% \/ 2 );\"><div class=\"fusion-layout-column fusion_builder_column fusion-builder-column-0 fusion_builder_column_1_1 1_1 fusion-flex-column\" style=\"--awb-padding-top:0px;--awb-padding-bottom:0px;--awb-bg-size:cover;--awb-width-large:100%;--awb-margin-top-large:0px;--awb-spacing-right-large:1.92%;--awb-margin-bottom-large:0px;--awb-spacing-left-large:1.92%;--awb-width-medium:100%;--awb-order-medium:0;--awb-spacing-right-medium:1.92%;--awb-spacing-left-medium:1.92%;--awb-width-small:100%;--awb-order-small:0;--awb-spacing-right-small:1.92%;--awb-spacing-left-small:1.92%;\"><div class=\"fusion-column-wrapper fusion-column-has-shadow fusion-flex-justify-content-flex-start fusion-content-layout-column\"><nav class=\"awb-menu awb-menu_row awb-menu_em-hover mobile-mode-always-expanded awb-menu_icons-left awb-menu_dc-yes mobile-trigger-fullwidth-off awb-menu_mobile-toggle awb-menu_indent-left loading mega-menu-loading awb-menu_desktop awb-menu_arrows-active awb-menu_arrows-sub awb-menu_dropdown awb-menu_expand-right awb-menu_transition-fade\" style=\"--awb-margin-top:0px;--awb-margin-bottom:0px;--awb-text-transform:none;--awb-justify-content:center;--awb-items-padding-right:20px;--awb-color:#999999;--awb-active-color:#97bb0f;--awb-submenu-space:0;--awb-submenu-text-transform:none;--awb-icons-color:#999999;--awb-icons-hover-color:#97bb0f;--awb-main-justify-content:flex-start;--awb-mobile-color:#999999;--awb-mobile-nav-items-height:25;--awb-mobile-active-color:#97bb0f;--awb-mobile-sep-color:rgba(255,255,255,0);--awb-mobile-justify:flex-start;--awb-mobile-caret-left:auto;--awb-mobile-caret-right:0;--awb-fusion-font-family-typography:inherit;--awb-fusion-font-style-typography:normal;--awb-fusion-font-weight-typography:400;--awb-fusion-font-family-submenu-typography:inherit;--awb-fusion-font-style-submenu-typography:normal;--awb-fusion-font-weight-submenu-typography:400;--awb-fusion-font-family-mobile-typography:inherit;--awb-fusion-font-style-mobile-typography:normal;--awb-fusion-font-weight-mobile-typography:400;\" aria-label=\"Menu\" data-breakpoint=\"1024\" data-count=\"0\" data-transition-type=\"fade\" data-transition-time=\"300\" data-expand=\"right\"><button type=\"button\" class=\"awb-menu__m-toggle awb-menu__m-toggle_no-text\" aria-expanded=\"false\" aria-controls=\"menu-unser-angebot\"><span class=\"awb-menu__m-toggle-inner\"><span class=\"collapsed-nav-text\"><span class=\"screen-reader-text\">Toggle Navigation<\/span><\/span><span class=\"awb-menu__m-collapse-icon awb-menu__m-collapse-icon_no-text\"><span class=\"awb-menu__m-collapse-icon-open awb-menu__m-collapse-icon-open_no-text fa-bars fas\"><\/span><span class=\"awb-menu__m-collapse-icon-close awb-menu__m-collapse-icon-close_no-text fa-times fas\"><\/span><\/span><\/span><\/button><ul id=\"menu-404-menue\" class=\"fusion-menu awb-menu__main-ul awb-menu__main-ul_row\"><li  id=\"menu-item-2141\"  class=\"menu-item menu-item-type-post_type menu-item-object-page menu-item-home menu-item-2141 awb-menu__li awb-menu__main-li awb-menu__main-li_regular awb-menu__main-li_with-active-arrow awb-menu__main-li_with-main-arrow awb-menu__main-li_with-arrow\"  data-item-id=\"2141\"><span class=\"awb-menu__main-background-default awb-menu__main-background-default_fade\"><\/span><span class=\"awb-menu__main-background-active awb-menu__main-background-active_fade\"><\/span><a  href=\"https:\/\/cardioskills.com\/en\/\" class=\"awb-menu__main-a awb-menu__main-a_regular\"><span class=\"menu-text\">Start<\/span><\/a><\/li><li  id=\"menu-item-2142\"  class=\"menu-item menu-item-type-post_type menu-item-object-page menu-item-2142 awb-menu__li awb-menu__main-li awb-menu__main-li_regular awb-menu__main-li_with-active-arrow awb-menu__main-li_with-main-arrow awb-menu__main-li_with-arrow\"  data-item-id=\"2142\"><span class=\"awb-menu__main-background-default awb-menu__main-background-default_fade\"><\/span><span class=\"awb-menu__main-background-active awb-menu__main-background-active_fade\"><\/span><a  href=\"https:\/\/cardioskills.com\/en\/kontakt\/\" class=\"awb-menu__main-a awb-menu__main-a_regular\"><span class=\"menu-text\">Kontakt<\/span><\/a><\/li><\/ul><\/nav><\/div><\/div><\/div><\/div>\n<div class=\"fusion-fullwidth fullwidth-box fusion-builder-row-2 nonhundred-percent-fullwidth non-hundred-percent-height-scrolling\" style=\"--awb-border-radius-top-left:0px;--awb-border-radius-top-right:0px;--awb-border-radius-bottom-right:0px;--awb-border-radius-bottom-left:0px;--awb-flex-wrap:wrap;\" ><div class=\"fusion-builder-row fusion-row\"><div class=\"fusion-layout-column fusion_builder_column fusion-builder-column-1 fusion_builder_column_1_1 1_1 fusion-one-full fusion-column-first fusion-column-last\" style=\"--awb-bg-size:cover;\"><div class=\"fusion-column-wrapper fusion-column-has-shadow fusion-flex-column-wrapper-legacy\"><div class=\"fusion-title title fusion-title-1 fusion-sep-none fusion-title-text fusion-title-size-one\" style=\"--awb-margin-top-small:0px;--awb-margin-right-small:0px;--awb-margin-bottom-small:10px;--awb-margin-left-small:0px;\"><h1 class=\"fusion-title-heading title-heading-left\" style=\"margin:0;\">CardioSkills\u00ae mobile<\/h1><\/div><div class=\"fusion-title title fusion-title-2 fusion-sep-none fusion-title-text fusion-title-size-two\" style=\"--awb-margin-top-small:0px;--awb-margin-right-small:0px;--awb-margin-bottom-small:10px;--awb-margin-left-small:0px;\"><h2 class=\"fusion-title-heading title-heading-left\" style=\"margin:0;\">Ein Angebot \u2014 flexible L\u00f6sungen. CardioSkills\u00ae\u00a0mobile.<\/h2><\/div><div class=\"fusion-clearfix\"><\/div><\/div><\/div><div class=\"fusion-layout-column fusion_builder_column fusion-builder-column-2 fusion_builder_column_1_2 1_2 fusion-one-half fusion-column-first\" style=\"--awb-bg-size:cover;width:50%;width:calc(50% - ( ( 4% ) * 0.5 ) );margin-right: 4%;\"><div class=\"fusion-column-wrapper fusion-column-has-shadow fusion-flex-column-wrapper-legacy\"><div class=\"fusion-text fusion-text-1\"><p data-syno-indent=\"true\" data-syno-style=\"{\" data-syno-marks=\"&#091;&#093;\">Sie m\u00f6chten Ihr komplettes Team schulen? Vor Ort in Ihrer Klinik, ma\u00dfgeschneidert auf Ihre Bed\u00fcrfnisse? CardioSkills ist mobil. Wir kommen mit unseren Simulatoren zu Ihnen \u2013 in ganz Deutschland, Europa und dar\u00fcber hinaus.<\/p>\n<h3>Vorteile von Inhouse-Training<\/h3>\n<ul>\n<li><strong>Ihr gesamtes Team trainiert gemeinsam: <\/strong>\u00c4rzte und Assistenzpersonal aus dem Herzkatheterlabor<\/li>\n<li><strong>Keine Reisekosten: <\/strong>Wir kommen zu Ihnen<\/li>\n<li><strong>Flexibel terminierbar: <\/strong>Abgestimmt auf Ihre Dienstpl\u00e4ne<\/li>\n<li><strong>Ma\u00dfgeschneidert: <\/strong>Kursinhalte speziell auf Ihre Klinik zugeschnitten<\/li>\n<li><strong>CME-zertifiziert: <\/strong>Auch Inhouse-Kurse sind zertifiziert<\/li>\n<li><strong>Bew\u00e4hrte Qualit\u00e4t: <\/strong>\u00dcber 5.000 trainierte \u00c4rzte in mehr als 20 L\u00e4ndern<\/li>\n<\/ul>\n<\/div><div class=\"fusion-clearfix\"><\/div><\/div><\/div><div class=\"fusion-layout-column fusion_builder_column fusion-builder-column-3 fusion_builder_column_1_2 1_2 fusion-one-half fusion-column-last\" style=\"--awb-bg-size:cover;width:50%;width:calc(50% - ( ( 4% ) * 0.5 ) );\"><div class=\"fusion-column-wrapper fusion-column-has-shadow fusion-flex-column-wrapper-legacy\"><div class=\"fusion-image-element in-legacy-container\" style=\"--awb-max-width:100%;--awb-caption-title-font-family:var(--h2_typography-font-family);--awb-caption-title-font-weight:var(--h2_typography-font-weight);--awb-caption-title-font-style:var(--h2_typography-font-style);--awb-caption-title-size:var(--h2_typography-font-size);--awb-caption-title-transform:var(--h2_typography-text-transform);--awb-caption-title-line-height:var(--h2_typography-line-height);--awb-caption-title-letter-spacing:var(--h2_typography-letter-spacing);\"><span class=\" fusion-imageframe imageframe-none imageframe-1 hover-type-none\" style=\"border-radius:7px;\"><a href=\"https:\/\/cardioskills.com\/wp-content\/uploads\/Bild-9-e1587996638325-1024x635.jpg\" class=\"fusion-lightbox\" data-rel=\"iLightbox[940aaade607c2290a2e]\" data-title=\"Bild-9\" title=\"Bild-9\"><img decoding=\"async\" width=\"1024\" height=\"635\" src=\"https:\/\/cardioskills.com\/wp-content\/uploads\/Bild-9-e1587996638325-1024x635.jpg\" alt class=\"img-responsive wp-image-1671\" srcset=\"https:\/\/cardioskills.com\/wp-content\/uploads\/Bild-9-e1587996638325-200x124.jpg 200w, https:\/\/cardioskills.com\/wp-content\/uploads\/Bild-9-e1587996638325-400x248.jpg 400w, https:\/\/cardioskills.com\/wp-content\/uploads\/Bild-9-e1587996638325-600x372.jpg 600w, https:\/\/cardioskills.com\/wp-content\/uploads\/Bild-9-e1587996638325-800x496.jpg 800w, https:\/\/cardioskills.com\/wp-content\/uploads\/Bild-9-e1587996638325-1200x745.jpg 1200w, https:\/\/cardioskills.com\/wp-content\/uploads\/Bild-9-e1587996638325.jpg 1528w\" sizes=\"(max-width: 800px) 100vw, 600px\" \/><\/a><\/span><\/div><div class=\"fusion-clearfix\"><\/div><\/div><\/div><\/div><\/div><\/p>\n","protected":false},"excerpt":{"rendered":"","protected":false},"author":1,"featured_media":0,"parent":952,"menu_order":9,"comment_status":"closed","ping_status":"closed","template":"","meta":{"footnotes":""},"class_list":["post-862","page","type-page","status-publish","hentry"],"_links":{"self":[{"href":"https:\/\/cardioskills.com\/en\/wp-json\/wp\/v2\/pages\/862","targetHints":{"allow":["GET"]}}],"collection":[{"href":"https:\/\/cardioskills.com\/en\/wp-json\/wp\/v2\/pages"}],"about":[{"href":"https:\/\/cardioskills.com\/en\/wp-json\/wp\/v2\/types\/page"}],"author":[{"embeddable":true,"href":"https:\/\/cardioskills.com\/en\/wp-json\/wp\/v2\/users\/1"}],"replies":[{"embeddable":true,"href":"https:\/\/cardioskills.com\/en\/wp-json\/wp\/v2\/comments?post=862"}],"version-history":[{"count":16,"href":"https:\/\/cardioskills.com\/en\/wp-json\/wp\/v2\/pages\/862\/revisions"}],"predecessor-version":[{"id":2971,"href":"https:\/\/cardioskills.com\/en\/wp-json\/wp\/v2\/pages\/862\/revisions\/2971"}],"up":[{"embeddable":true,"href":"https:\/\/cardioskills.com\/en\/wp-json\/wp\/v2\/pages\/952"}],"wp:attachment":[{"href":"https:\/\/cardioskills.com\/en\/wp-json\/wp\/v2\/media?parent=862"}],"curies":[{"name":"wp","href":"https:\/\/api.w.org\/{rel}","templated":true}]}}